{"id":64,"date":"2019-02-10T15:21:45","date_gmt":"2019-02-10T15:21:45","guid":{"rendered":"https:\/\/kunterbunte.lisa-begeisterung.de\/?page_id=64"},"modified":"2019-08-18T14:27:39","modified_gmt":"2019-08-18T14:27:39","slug":"elementor-64","status":"publish","type":"page","link":"https:\/\/www.die-kunterbunten-ev.de\/?page_id=64","title":{"rendered":"\u00dcber uns"},"content":{"rendered":"\t\t<div data-elementor-type=\"wp-post\" data-elementor-id=\"64\" class=\"elementor elementor-64\">\n\t\t\t\t\t\t<section class=\"elementor-section elementor-top-section elementor-element elementor-element-8f9b10d elementor-section-height-min-height elementor-section-boxed elementor-section-height-default elementor-section-items-middle\" data-id=\"8f9b10d\" data-element_type=\"section\" data-settings=\"{&quot;background_background&quot;:&quot;classic&quot;}\">\n\t\t\t\t\t\t<div class=\"elementor-container elementor-column-gap-wide\">\n\t\t\t\t\t<header class=\"elementor-column elementor-col-100 elementor-top-column elementor-element elementor-element-2314112\" data-id=\"2314112\" data-element_type=\"column\">\n\t\t\t<div class=\"elementor-widget-wrap elementor-element-populated\">\n\t\t\t\t\t\t<div class=\"elementor-element elementor-element-1848036 elementor-arrows-position-inside elementor-pagination-position-outside elementor-widget elementor-widget-image-carousel\" data-id=\"1848036\" data-element_type=\"widget\" data-settings=\"{&quot;slides_to_show&quot;:&quot;1&quot;,&quot;navigation&quot;:&quot;both&quot;,&quot;autoplay&quot;:&quot;yes&quot;,&quot;pause_on_hover&quot;:&quot;yes&quot;,&quot;pause_on_interaction&quot;:&quot;yes&quot;,&quot;autoplay_speed&quot;:5000,&quot;infinite&quot;:&quot;yes&quot;,&quot;effect&quot;:&quot;slide&quot;,&quot;speed&quot;:500}\" data-widget_type=\"image-carousel.default\">\n\t\t\t\t<div class=\"elementor-widget-container\">\n\t\t\t\t\t<div class=\"elementor-image-carousel-wrapper swiper\" dir=\"ltr\">\n\t\t\t<div class=\"elementor-image-carousel swiper-wrapper\" aria-live=\"off\">\n\t\t\t\t\t\t\t\t<div class=\"swiper-slide\" role=\"group\" aria-roledescription=\"slide\" aria-label=\"1 von 8\"><figure class=\"swiper-slide-inner\"><img decoding=\"async\" class=\"swiper-slide-image\" src=\"https:\/\/www.die-kunterbunten-ev.de\/wp-content\/uploads\/2019\/08\/HaschkeksMachtNochKeinenSommer_8_Header2.jpg\" alt=\"HaschkeksMachtNochKeinenSommer_8_Header2\" \/><\/figure><\/div><div class=\"swiper-slide\" role=\"group\" aria-roledescription=\"slide\" aria-label=\"2 von 8\"><figure class=\"swiper-slide-inner\"><img decoding=\"async\" class=\"swiper-slide-image\" src=\"https:\/\/www.die-kunterbunten-ev.de\/wp-content\/uploads\/2019\/02\/zuschnitt_1-3.jpg\" alt=\"zuschnitt_1\" \/><\/figure><\/div><div class=\"swiper-slide\" role=\"group\" aria-roledescription=\"slide\" aria-label=\"3 von 8\"><figure class=\"swiper-slide-inner\"><img decoding=\"async\" class=\"swiper-slide-image\" src=\"https:\/\/www.die-kunterbunten-ev.de\/wp-content\/uploads\/2019\/08\/RaubImRurtalexpress_11_Header.jpg\" alt=\"RaubImRurtalexpress_11_Header\" \/><\/figure><\/div><div class=\"swiper-slide\" role=\"group\" aria-roledescription=\"slide\" aria-label=\"4 von 8\"><figure class=\"swiper-slide-inner\"><img decoding=\"async\" class=\"swiper-slide-image\" src=\"https:\/\/www.die-kunterbunten-ev.de\/wp-content\/uploads\/2019\/02\/zuschnitt_3.jpg\" alt=\"zuschnitt_3\" \/><\/figure><\/div><div class=\"swiper-slide\" role=\"group\" aria-roledescription=\"slide\" aria-label=\"5 von 8\"><figure class=\"swiper-slide-inner\"><img decoding=\"async\" class=\"swiper-slide-image\" src=\"https:\/\/www.die-kunterbunten-ev.de\/wp-content\/uploads\/2019\/08\/HaschkeksMachtNochKeinenSommer_4_Header2.jpg\" alt=\"HaschkeksMachtNochKeinenSommer_4_Header2\" \/><\/figure><\/div><div class=\"swiper-slide\" role=\"group\" aria-roledescription=\"slide\" aria-label=\"6 von 8\"><figure class=\"swiper-slide-inner\"><img decoding=\"async\" class=\"swiper-slide-image\" src=\"https:\/\/www.die-kunterbunten-ev.de\/wp-content\/uploads\/2019\/02\/zuschnitt_2-1.jpg\" alt=\"zuschnitt_2\" \/><\/figure><\/div><div class=\"swiper-slide\" role=\"group\" aria-roledescription=\"slide\" aria-label=\"7 von 8\"><figure class=\"swiper-slide-inner\"><img decoding=\"async\" class=\"swiper-slide-image\" src=\"https:\/\/www.die-kunterbunten-ev.de\/wp-content\/uploads\/2019\/02\/zuschnitt_2.jpg\" alt=\"zuschnitt_2\" \/><\/figure><\/div><div class=\"swiper-slide\" role=\"group\" aria-roledescription=\"slide\" aria-label=\"8 von 8\"><figure class=\"swiper-slide-inner\"><img decoding=\"async\" class=\"swiper-slide-image\" src=\"https:\/\/www.die-kunterbunten-ev.de\/wp-content\/uploads\/2019\/08\/RaubImRurtalexpress_4_Header.jpg\" alt=\"RaubImRurtalexpress_4_Header\" \/><\/figure><\/div>\t\t\t<\/div>\n\t\t\t\t\t\t\t\t\t\t\t\t<div class=\"elementor-swiper-button elementor-swiper-button-prev\" role=\"button\" tabindex=\"0\">\n\t\t\t\t\t\t<i aria-hidden=\"true\" class=\"eicon-chevron-left\"><\/i>\t\t\t\t\t<\/div>\n\t\t\t\t\t<div class=\"elementor-swiper-button elementor-swiper-button-next\" role=\"button\" tabindex=\"0\">\n\t\t\t\t\t\t<i aria-hidden=\"true\" class=\"eicon-chevron-right\"><\/i>\t\t\t\t\t<\/div>\n\t\t\t\t\n\t\t\t\t\t\t\t\t\t<div class=\"swiper-pagination\"><\/div>\n\t\t\t\t\t\t\t\t\t<\/div>\n\t\t\t\t<\/div>\n\t\t\t\t<\/div>\n\t\t\t\t\t<\/div>\n\t\t<\/header>\n\t\t\t\t\t<\/div>\n\t\t<\/section>\n\t\t\t\t<section class=\"elementor-section elementor-top-section elementor-element elementor-element-11da92e elementor-section-boxed elementor-section-height-default elementor-section-height-default\" data-id=\"11da92e\" data-element_type=\"section\">\n\t\t\t\t\t\t<div class=\"elementor-container elementor-column-gap-default\">\n\t\t\t\t\t<div class=\"elementor-column elementor-col-100 elementor-top-column elementor-element elementor-element-d5a40a3\" data-id=\"d5a40a3\" data-element_type=\"column\">\n\t\t\t<div class=\"elementor-widget-wrap elementor-element-populated\">\n\t\t\t\t\t\t<div class=\"elementor-element elementor-element-32aa69e elementor-widget elementor-widget-heading\" data-id=\"32aa69e\" data-element_type=\"widget\" data-widget_type=\"heading.default\">\n\t\t\t\t<div class=\"elementor-widget-container\">\n\t\t\t<h1 class=\"elementor-heading-title elementor-size-default\">\u00dcber uns<\/h1>\t\t<\/div>\n\t\t\t\t<\/div>\n\t\t\t\t\t<\/div>\n\t\t<\/div>\n\t\t\t\t\t<\/div>\n\t\t<\/section>\n\t\t\t\t<section class=\"elementor-section elementor-top-section elementor-element elementor-element-c5b49bd elementor-section-height-min-height elementor-section-boxed elementor-section-height-default elementor-section-items-middle\" data-id=\"c5b49bd\" data-element_type=\"section\">\n\t\t\t\t\t\t<div class=\"elementor-container elementor-column-gap-extended\">\n\t\t\t\t\t<div class=\"elementor-column elementor-col-100 elementor-top-column elementor-element elementor-element-762d57f\" data-id=\"762d57f\" data-element_type=\"column\">\n\t\t\t<div class=\"elementor-widget-wrap elementor-element-populated\">\n\t\t\t\t\t\t<div class=\"elementor-element elementor-element-b6cc900 elementor-widget elementor-widget-text-editor\" data-id=\"b6cc900\" data-element_type=\"widget\" data-widget_type=\"text-editor.default\">\n\t\t\t\t<div class=\"elementor-widget-container\">\n\t\t\t\t\t\t\t<p>Wir sind eine Theatergruppe, die sich 1996 im Kindergarten Villa Kunterbunt in D\u00fcren gegr\u00fcndet hat.<br \/>Wir Eltern wollten f\u00fcr unsere Kindergartenkinder ein kleines St\u00fcck auff\u00fchren, und mit dem Erl\u00f6s der Eintrittsgelder ein neues Spielger\u00e4t anschaffen. Der Erfolg war riesig, so dass wir in den folgenden Jahren unz\u00e4hlige Auff\u00fchrungen mit kreativen Outfits und B\u00fchnenbild stemmten. Dabei flossen viel Liebe und Herzblut in die Proben und Auff\u00fchrungen, die auch enorme Freude bereiteten. Angefangen mit &#8222;Herr Holle&#8220;, \u00fcber &#8222;Der K\u00f6nig der L\u00f6wen&#8220; bis hin zu &#8222;R\u00e4uber Hotzenplotz&#8220; im Jahr 2011 wuchs unsere Begeisterung ebenso wie die des Publikums.<\/p><p>Als die Kinder zu gro\u00df f\u00fcr die St\u00fccke wurden, entschieden auch wir, die Art zu \u00e4ndern. Nach 20 Jahren, im Jahr 2016, pr\u00e4sentierten wir das erste Theaterst\u00fcck f\u00fcr Erwachsene: Raub im Rurtalexpress. Eine unterhaltsame Kom\u00f6die. Das war nur der Anfang, seither gibt es in jedem Jahr eine Kom\u00f6die, die, angepasst an lokale Gegebenheiten und mit viel Leidenschaft, auf die B\u00fchne gebracht werden.\u00a0<\/p><p>Die Einnahmen aus den Kartenverk\u00e4ufen spenden wir. \u00dcber den Erl\u00f6s k\u00f6nnen sich verschiedene soziale Projekte in D\u00fcren freuen. Dazu geh\u00f6rten in den letzten Jahren der Verein Wellenbrecher e.V., der Verein gegen Kinderarmut und andere Einrichtungen f\u00fcr Kinder.<\/p><p>Gegr\u00fcndet von einer Reihe Eltern, spielen heute l\u00e4ngst viele unterschiedliche Laien-Darsteller mit Feuer und Eifer mit. Mitmachen kann auch jeder, egal ob Profi oder nicht. Nur Begeisterung muss dabei sein.\u00a0<\/p>\t\t\t\t\t\t<\/div>\n\t\t\t\t<\/div>\n\t\t\t\t\t<\/div>\n\t\t<\/div>\n\t\t\t\t\t<\/div>\n\t\t<\/section>\n\t\t\t\t<section class=\"elementor-section elementor-top-section elementor-element elementor-element-cdf4e07 elementor-section-boxed elementor-section-height-default elementor-section-height-default\" data-id=\"cdf4e07\" data-element_type=\"section\">\n\t\t\t\t\t\t<div class=\"elementor-container elementor-column-gap-default\">\n\t\t\t\t\t<div class=\"elementor-column elementor-col-100 elementor-top-column elementor-element elementor-element-f34105b\" data-id=\"f34105b\" data-element_type=\"column\">\n\t\t\t<div class=\"elementor-widget-wrap elementor-element-populated\">\n\t\t\t\t\t\t<div class=\"elementor-element elementor-element-6d5038a elementor-widget elementor-widget-spacer\" data-id=\"6d5038a\" data-element_type=\"widget\" data-widget_type=\"spacer.default\">\n\t\t\t\t<div class=\"elementor-widget-container\">\n\t\t\t\t\t<div class=\"elementor-spacer\">\n\t\t\t<div class=\"elementor-spacer-inner\"><\/div>\n\t\t<\/div>\n\t\t\t\t<\/div>\n\t\t\t\t<\/div>\n\t\t\t\t\t<\/div>\n\t\t<\/div>\n\t\t\t\t\t<\/div>\n\t\t<\/section>\n\t\t\t\t<\/div>\n\t\t","protected":false},"excerpt":{"rendered":"<p>\u00dcber uns Wir sind eine Theatergruppe, die sich 1996 im Kindergarten Villa Kunterbunt in D\u00fcren gegr\u00fcndet hat.Wir Eltern wollten f\u00fcr unsere Kindergartenkinder ein kleines St\u00fcck auff\u00fchren, und mit dem Erl\u00f6s der Eintrittsgelder ein neues Spielger\u00e4t anschaffen. Der Erfolg war riesig, so dass wir in den folgenden Jahren unz\u00e4hlige Auff\u00fchrungen mit kreativen Outfits und B\u00fchnenbild stemmten. &hellip; <\/p>\n<p class=\"link-more\"><a href=\"https:\/\/www.die-kunterbunten-ev.de\/?page_id=64\" class=\"more-link\"><span class=\"screen-reader-text\">\u201e\u00dcber uns\u201c<\/span> weiterlesen<\/a><\/p>\n","protected":false},"author":1,"featured_media":0,"parent":0,"menu_order":0,"comment_status":"closed","ping_status":"closed","template":"page-templates\/template-pagebuilder-full-width.php","meta":{"footnotes":""},"class_list":["post-64","page","type-page","status-publish","hentry","entry"],"_links":{"self":[{"href":"https:\/\/www.die-kunterbunten-ev.de\/index.php?rest_route=\/wp\/v2\/pages\/64","targetHints":{"allow":["GET"]}}],"collection":[{"href":"https:\/\/www.die-kunterbunten-ev.de\/index.php?rest_route=\/wp\/v2\/pages"}],"about":[{"href":"https:\/\/www.die-kunterbunten-ev.de\/index.php?rest_route=\/wp\/v2\/types\/page"}],"author":[{"embeddable":true,"href":"https:\/\/www.die-kunterbunten-ev.de\/index.php?rest_route=\/wp\/v2\/users\/1"}],"replies":[{"embeddable":true,"href":"https:\/\/www.die-kunterbunten-ev.de\/index.php?rest_route=%2Fwp%2Fv2%2Fcomments&post=64"}],"version-history":[{"count":26,"href":"https:\/\/www.die-kunterbunten-ev.de\/index.php?rest_route=\/wp\/v2\/pages\/64\/revisions"}],"predecessor-version":[{"id":337,"href":"https:\/\/www.die-kunterbunten-ev.de\/index.php?rest_route=\/wp\/v2\/pages\/64\/revisions\/337"}],"wp:attachment":[{"href":"https:\/\/www.die-kunterbunten-ev.de\/index.php?rest_route=%2Fwp%2Fv2%2Fmedia&parent=64"}],"curies":[{"name":"wp","href":"https:\/\/api.w.org\/{rel}","templated":true}]}}